{"id":82113,"date":"2024-08-05T21:10:26","date_gmt":"2024-08-05T19:10:26","guid":{"rendered":"https:\/\/www.maintenance-schweiz.ch\/visiteur-de-lapp\/"},"modified":"2025-10-23T06:55:09","modified_gmt":"2025-10-23T04:55:09","slug":"visiteur-de-lapp","status":"publish","type":"page","link":"https:\/\/www.maintenance-schweiz.ch\/fr\/visiteur-de-lapp\/","title":{"rendered":"L&rsquo;application visiteurs"},"content":{"rendered":"\t\t<div data-elementor-type=\"wp-page\" data-elementor-id=\"82113\" class=\"elementor elementor-82113 elementor-81730\" data-elementor-post-type=\"page\">\n\t\t\t\t\t\t<section class=\"elementor-section elementor-top-section elementor-element elementor-element-a0ae39a elementor-section-boxed elementor-section-height-default elementor-section-height-default\" data-id=\"a0ae39a\" data-element_type=\"section\" data-settings=\"{&quot;background_background&quot;:&quot;classic&quot;}\">\n\t\t\t\t\t\t<div class=\"elementor-container elementor-column-gap-default\">\n\t\t\t\t\t<div class=\"elementor-column elementor-col-100 elementor-top-column elementor-element elementor-element-47a7ab32\" data-id=\"47a7ab32\" data-element_type=\"column\">\n\t\t\t<div class=\"elementor-widget-wrap elementor-element-populated\">\n\t\t\t\t\t\t<div class=\"elementor-element elementor-element-2021f0e3 elementor-invisible elementor-widget elementor-widget-text-editor\" data-id=\"2021f0e3\" data-element_type=\"widget\" data-settings=\"{&quot;_animation&quot;:&quot;zoomIn&quot;}\" data-widget_type=\"text-editor.default\">\n\t\t\t\t<div class=\"elementor-widget-container\">\n\t\t\t\t\t\t\t\t\t<h1><span style=\"color: #f39200;\">L&rsquo;application pour le salon :<br \/>\nUne exp\u00e9rience optimale du salon avec l&rsquo;appli salon<\/span><\/h1>\n\t\t\t\t\t\t\t\t<\/div>\n\t\t\t\t<\/div>\n\t\t\t\t<div class=\"elementor-element elementor-element-87efabc elementor-widget elementor-widget-text-editor\" data-id=\"87efabc\" data-element_type=\"widget\" data-widget_type=\"text-editor.default\">\n\t\t\t\t<div class=\"elementor-widget-container\">\n\t\t\t\t\t\t\t\t\t<p>Nous sommes heureux de vous pr\u00e9senter notre nouvelle application pour les salons et ses nombreuses fonctionnalit\u00e9s qui optimiseront votre exp\u00e9rience en tant que visiteur avant, pendant et apr\u00e8s le salon !<\/p>\n<p>Plus qu&rsquo;un simple outil de planification, l&rsquo;application devient votre assistant personnel, vous offrant une exp\u00e9rience efficace d\u00e8s le moment o\u00f9 vous pr\u00e9parez votre visite, pendant votre visite et m\u00eame apr\u00e8s le salon.<\/p>\n\t\t\t\t\t\t\t\t<\/div>\n\t\t\t\t<\/div>\n\t\t\t\t<div class=\"elementor-element elementor-element-22517b7d elementor-align-center elementor-widget elementor-widget-button\" data-id=\"22517b7d\" data-element_type=\"widget\" data-widget_type=\"button.default\">\n\t\t\t\t<div class=\"elementor-widget-container\">\n\t\t\t\t\t\t\t\t\t<div class=\"elementor-button-wrapper\">\n\t\t\t\t\t<a class=\"elementor-button elementor-button-link elementor-size-sm\" href=\"mailto:marketing.ch@easyfairs.com\">\n\t\t\t\t\t\t<span class=\"elementor-button-content-wrapper\">\n\t\t\t\t\t\t<span class=\"elementor-button-icon\">\n\t\t\t\t<i aria-hidden=\"true\" class=\"fas fa-long-arrow-alt-right\"><\/i>\t\t\t<\/span>\n\t\t\t\t\t\t\t\t\t<span class=\"elementor-button-text\">Votre contact<\/span>\n\t\t\t\t\t<\/span>\n\t\t\t\t\t<\/a>\n\t\t\t\t<\/div>\n\t\t\t\t\t\t\t\t<\/div>\n\t\t\t\t<\/div>\n\t\t\t\t\t<\/div>\n\t\t<\/div>\n\t\t\t\t\t<\/div>\n\t\t<\/section>\n\t\t\t\t<section class=\"elementor-section elementor-top-section elementor-element elementor-element-39da1709 elementor-section-boxed elementor-section-height-default elementor-section-height-default\" data-id=\"39da1709\" data-element_type=\"section\">\n\t\t\t\t\t\t<div class=\"elementor-container elementor-column-gap-default\">\n\t\t\t\t\t<div class=\"elementor-column elementor-col-50 elementor-top-column elementor-element elementor-element-7992e41\" data-id=\"7992e41\" data-element_type=\"column\" data-settings=\"{&quot;background_background&quot;:&quot;classic&quot;}\">\n\t\t\t<div class=\"elementor-widget-wrap elementor-element-populated\">\n\t\t\t\t\t\t<div class=\"elementor-element elementor-element-31a26db9 elementor-widget elementor-widget-heading\" data-id=\"31a26db9\" data-element_type=\"widget\" data-widget_type=\"heading.default\">\n\t\t\t\t<div class=\"elementor-widget-container\">\n\t\t\t\t\t<h2 class=\"elementor-heading-title elementor-size-default\">Vos avantages<\/h2>\t\t\t\t<\/div>\n\t\t\t\t<\/div>\n\t\t\t\t<div class=\"elementor-element elementor-element-dce78a7 elementor-widget elementor-widget-text-editor\" data-id=\"dce78a7\" data-element_type=\"widget\" data-widget_type=\"text-editor.default\">\n\t\t\t\t<div class=\"elementor-widget-container\">\n\t\t\t\t\t\t\t\t\t<ol>\n<li>Un r\u00e9seau optimal : entrez facilement en contact avec des professionnels int\u00e9ressants. Qu&rsquo;il s&rsquo;agisse de visiteurs, de personnel de stand, d&rsquo;entreprises ou de speakers. La mise en r\u00e9seau est possible \u00e0 tout moment gr\u00e2ce \u00e0 l&rsquo;appli.<\/li>\n<li>Planification efficace des rendez-vous : l&rsquo;app vous aide \u00e0 communiquer et \u00e0 planifier vos rendez-vous.<\/li>\n<li>Restez organis\u00e9 pour ne rien manquer : Gardez une vue d&rsquo;ensemble de votre emploi du temps, de vos rendez-vous et des conf\u00e9rences qui vous int\u00e9ressent.<\/li>\n<li>Toujours \u00e0 jour : vous recevez des mises \u00e0 jour d&rsquo;\u00e9v\u00e9nements et des notifications en temps r\u00e9el.<\/li>\n<li>Une exp\u00e9rience personnalis\u00e9e : utilisez les propositions sur mesure pour adapter votre participation au salon \u00e0 vos objectifs individuels.<\/li>\n<\/ol>\n\t\t\t\t\t\t\t\t<\/div>\n\t\t\t\t<\/div>\n\t\t\t\t\t<\/div>\n\t\t<\/div>\n\t\t\t\t<div class=\"elementor-column elementor-col-50 elementor-top-column elementor-element elementor-element-3f532973\" data-id=\"3f532973\" data-element_type=\"column\" data-settings=\"{&quot;background_background&quot;:&quot;classic&quot;}\">\n\t\t\t<div class=\"elementor-widget-wrap elementor-element-populated\">\n\t\t\t\t\t\t<div class=\"elementor-element elementor-element-7847b26a elementor-widget elementor-widget-image\" data-id=\"7847b26a\" data-element_type=\"widget\" data-widget_type=\"image.default\">\n\t\t\t\t<div class=\"elementor-widget-container\">\n\t\t\t\t\t\t\t\t\t\t\t\t\t\t\t<img fetchpriority=\"high\" decoding=\"async\" width=\"200\" height=\"300\" src=\"https:\/\/easyfairsassets.com\/sites\/92\/2025\/06\/App_Bild_Gleanin_Indu_DE-200x300.png\" class=\"attachment-medium size-medium wp-image-99477\" alt=\"\" srcset=\"https:\/\/easyfairsassets.com\/sites\/92\/2025\/06\/App_Bild_Gleanin_Indu_DE-200x300.png 200w, https:\/\/easyfairsassets.com\/sites\/92\/2025\/06\/App_Bild_Gleanin_Indu_DE.png 400w\" sizes=\"(max-width: 200px) 100vw, 200px\" \/>\t\t\t\t\t\t\t\t\t\t\t\t\t\t\t<\/div>\n\t\t\t\t<\/div>\n\t\t\t\t\t<\/div>\n\t\t<\/div>\n\t\t\t\t\t<\/div>\n\t\t<\/section>\n\t\t\t\t<section class=\"elementor-section elementor-top-section elementor-element elementor-element-be45712 elementor-section-boxed elementor-section-height-default elementor-section-height-default\" data-id=\"be45712\" data-element_type=\"section\">\n\t\t\t\t\t\t<div class=\"elementor-container elementor-column-gap-default\">\n\t\t\t\t\t<div class=\"elementor-column elementor-col-100 elementor-top-column elementor-element elementor-element-5f0b49ba\" data-id=\"5f0b49ba\" data-element_type=\"column\" data-settings=\"{&quot;background_background&quot;:&quot;classic&quot;}\">\n\t\t\t<div class=\"elementor-widget-wrap elementor-element-populated\">\n\t\t\t\t\t\t<div class=\"elementor-element elementor-element-7d47da88 elementor-widget elementor-widget-heading\" data-id=\"7d47da88\" data-element_type=\"widget\" data-widget_type=\"heading.default\">\n\t\t\t\t<div class=\"elementor-widget-container\">\n\t\t\t\t\t<h2 class=\"elementor-heading-title elementor-size-default\"><span style=\"color : var( --e-global-color-primary )\">Comment utiliser l'application de mani\u00e8re optimale<\/span> ?<\/h2>\t\t\t\t<\/div>\n\t\t\t\t<\/div>\n\t\t\t\t<div class=\"elementor-element elementor-element-6d4e7471 elementor-widget elementor-widget-text-editor\" data-id=\"6d4e7471\" data-element_type=\"widget\" data-widget_type=\"text-editor.default\">\n\t\t\t\t<div class=\"elementor-widget-container\">\n\t\t\t\t\t\t\t\t\t<ol>\n<li><span style=\"color: #ffffff;\">Inscrivez-vous d&rsquo;abord \u00e0 la maintenance : apr\u00e8s l&rsquo;inscription, vous recevrez un e-mail qui vous permettra de cr\u00e9er votre compte dans l&rsquo;application.<\/span><\/li>\n<li><span style=\"color: #ffffff;\">T\u00e9l\u00e9chargez ensuite l&rsquo;application : D\u00e8s que l&rsquo;application sera disponible, vous recevrez un e-mail contenant des liens pour Android et iOS. Suivez le lien ou scannez le code QR indiqu\u00e9 dans l&rsquo;e-mail pour installer l&rsquo;application.<\/span><\/li>\n<li><span style=\"color: #ffffff;\">Configurez votre profil : parlez-nous de vos int\u00e9r\u00eats, de l&rsquo;activit\u00e9 de votre entreprise et de ce que vous recherchez pendant l&rsquo;\u00e9v\u00e9nement.<\/span><\/li>\n<li><span style=\"color: #ffffff;\">Commencez \u00e0 rencontrer des gens : D\u00e9couvrez des recommandations, \u00e9tablissez des contacts avec d&rsquo;autres professionnels et planifiez quelques rencontres sur le salon.<\/span><\/li>\n<li><span style=\"color: #ffffff;\">Tirez le meilleur parti de votre visite au salon : gr\u00e2ce \u00e0 votre emploi du temps personnalis\u00e9, vous pouvez vous concentrer sur la cr\u00e9ation de nouveaux contacts et sur l&rsquo;acquisition de connaissances pr\u00e9cieuses.<\/span><\/li>\n<\/ol>\n\t\t\t\t\t\t\t\t<\/div>\n\t\t\t\t<\/div>\n\t\t\t\t\t<\/div>\n\t\t<\/div>\n\t\t\t\t\t<\/div>\n\t\t<\/section>\n\t\t\t\t<section class=\"elementor-section elementor-top-section elementor-element elementor-element-7fb9eeda elementor-section-height-min-height elementor-section-boxed elementor-section-height-default elementor-section-items-middle\" data-id=\"7fb9eeda\" data-element_type=\"section\" data-settings=\"{&quot;background_background&quot;:&quot;classic&quot;,&quot;shape_divider_bottom&quot;:&quot;opacity-tilt&quot;}\">\n\t\t\t\t\t<div class=\"elementor-shape elementor-shape-bottom\" aria-hidden=\"true\" data-negative=\"false\">\n\t\t\t<svg xmlns=\"http:\/\/www.w3.org\/2000\/svg\" viewBox=\"0 0 2600 131.1\" preserveAspectRatio=\"none\">\n\t<path class=\"elementor-shape-fill\" d=\"M0 0L2600 0 2600 69.1 0 0z\"\/>\n\t<path class=\"elementor-shape-fill\" style=\"opacity:0.5\" d=\"M0 0L2600 0 2600 69.1 0 69.1z\"\/>\n\t<path class=\"elementor-shape-fill\" style=\"opacity:0.25\" d=\"M2600 0L0 0 0 130.1 2600 69.1z\"\/>\n<\/svg>\t\t<\/div>\n\t\t\t\t\t<div class=\"elementor-container elementor-column-gap-default\">\n\t\t\t\t\t<div class=\"elementor-column elementor-col-100 elementor-top-column elementor-element elementor-element-63e2ae32\" data-id=\"63e2ae32\" data-element_type=\"column\">\n\t\t\t<div class=\"elementor-widget-wrap\">\n\t\t\t\t\t\t\t<\/div>\n\t\t<\/div>\n\t\t\t\t\t<\/div>\n\t\t<\/section>\n\t\t\t\t<\/div>\n\t\t","protected":false},"excerpt":{"rendered":"<p>L&rsquo;application pour le salon : Une exp\u00e9rience optimale du salon avec l&rsquo;application \u00ab automation &#038; ; maintenance \u00bb. T\u00e9l\u00e9chargeable d\u00e8s maintenant !<\/p>\n","protected":false},"author":25,"featured_media":0,"parent":0,"menu_order":0,"comment_status":"closed","ping_status":"closed","template":"","meta":{"_seopress_robots_primary_cat":"","_seopress_titles_title":"%%post_title%%","_seopress_titles_desc":"L'application pour le salon : Une exp\u00e9rience optimale du salon avec l'application \"automation & ; maintenance\" ;. T\u00e9l\u00e9chargeable d\u00e8s maintenant !","_seopress_robots_index":"","footnotes":""},"class_list":["post-82113","page","type-page","status-publish","hentry"],"_links":{"self":[{"href":"https:\/\/www.maintenance-schweiz.ch\/fr\/wp-json\/wp\/v2\/pages\/82113","targetHints":{"allow":["GET"]}}],"collection":[{"href":"https:\/\/www.maintenance-schweiz.ch\/fr\/wp-json\/wp\/v2\/pages"}],"about":[{"href":"https:\/\/www.maintenance-schweiz.ch\/fr\/wp-json\/wp\/v2\/types\/page"}],"author":[{"embeddable":true,"href":"https:\/\/www.maintenance-schweiz.ch\/fr\/wp-json\/wp\/v2\/users\/25"}],"replies":[{"embeddable":true,"href":"https:\/\/www.maintenance-schweiz.ch\/fr\/wp-json\/wp\/v2\/comments?post=82113"}],"version-history":[{"count":5,"href":"https:\/\/www.maintenance-schweiz.ch\/fr\/wp-json\/wp\/v2\/pages\/82113\/revisions"}],"predecessor-version":[{"id":100343,"href":"https:\/\/www.maintenance-schweiz.ch\/fr\/wp-json\/wp\/v2\/pages\/82113\/revisions\/100343"}],"wp:attachment":[{"href":"https:\/\/www.maintenance-schweiz.ch\/fr\/wp-json\/wp\/v2\/media?parent=82113"}],"curies":[{"name":"wp","href":"https:\/\/api.w.org\/{rel}","templated":true}]}}