{"id":82111,"date":"2024-08-05T21:07:05","date_gmt":"2024-08-05T19:07:05","guid":{"rendered":"https:\/\/www.maintenance-schweiz.ch\/exposants-dapplications\/"},"modified":"2024-08-08T12:59:18","modified_gmt":"2024-08-08T10:59:18","slug":"exposants-dapplications","status":"publish","type":"page","link":"https:\/\/www.maintenance-schweiz.ch\/fr\/exposants-dapplications\/","title":{"rendered":"Exposants d&rsquo;applications"},"content":{"rendered":"\t\t<div data-elementor-type=\"wp-page\" data-elementor-id=\"82111\" class=\"elementor elementor-82111 elementor-81738\" data-elementor-post-type=\"page\">\n\t\t\t\t\t\t<section class=\"elementor-section elementor-top-section elementor-element elementor-element-6363a214 elementor-section-boxed elementor-section-height-default elementor-section-height-default\" data-id=\"6363a214\" data-element_type=\"section\" data-settings=\"{&quot;background_background&quot;:&quot;classic&quot;}\">\n\t\t\t\t\t\t<div class=\"elementor-container elementor-column-gap-default\">\n\t\t\t\t\t<div class=\"elementor-column elementor-col-100 elementor-top-column elementor-element elementor-element-2647d2bb\" data-id=\"2647d2bb\" data-element_type=\"column\">\n\t\t\t<div class=\"elementor-widget-wrap elementor-element-populated\">\n\t\t\t\t\t\t<div class=\"elementor-element elementor-element-4d5ac6af elementor-invisible elementor-widget elementor-widget-text-editor\" data-id=\"4d5ac6af\" data-element_type=\"widget\" data-settings=\"{&quot;_animation&quot;:&quot;zoomIn&quot;}\" data-widget_type=\"text-editor.default\">\n\t\t\t\t<div class=\"elementor-widget-container\">\n\t\t\t\t\t\t\t\t\t<h1><strong><span style=\"color: #f39200;\" data-mce-style=\"color: #f39200;\">L&rsquo;application pour le salon : Plus de performance avec l&rsquo;app du salon<\/span><\/strong><\/h1>\n\t\t\t\t\t\t\t\t<\/div>\n\t\t\t\t<\/div>\n\t\t\t\t<div class=\"elementor-element elementor-element-48b84ded elementor-widget elementor-widget-text-editor\" data-id=\"48b84ded\" data-element_type=\"widget\" data-widget_type=\"text-editor.default\">\n\t\t\t\t<div class=\"elementor-widget-container\">\n\t\t\t\t\t\t\t\t\t<p>Nous sommes heureux de vous pr\u00e9senter notre nouvelle application pour les salons et ses nombreuses fonctionnalit\u00e9s. Elle vous aidera \u00e0 augmenter votre visibilit\u00e9 avant, pendant et apr\u00e8s le salon !<\/p>\n<p>Plus qu&rsquo;un simple outil de planification de rendez-vous, cette application vous permet d&rsquo;entrer en contact avec des clients, des prospects et des partenaires potentiels \u00e0 tout moment.<\/p>\n\t\t\t\t\t\t\t\t<\/div>\n\t\t\t\t<\/div>\n\t\t\t\t<div class=\"elementor-element elementor-element-5612eb5f elementor-align-center elementor-widget elementor-widget-button\" data-id=\"5612eb5f\" data-element_type=\"widget\" data-widget_type=\"button.default\">\n\t\t\t\t<div class=\"elementor-widget-container\">\n\t\t\t\t\t\t\t\t\t<div class=\"elementor-button-wrapper\">\n\t\t\t\t\t<a class=\"elementor-button elementor-button-link elementor-size-sm\" href=\"mailto:marketing.ch@easyfairs.com\">\n\t\t\t\t\t\t<span class=\"elementor-button-content-wrapper\">\n\t\t\t\t\t\t<span class=\"elementor-button-icon\">\n\t\t\t\t<i aria-hidden=\"true\" class=\"fas fa-long-arrow-alt-right\"><\/i>\t\t\t<\/span>\n\t\t\t\t\t\t\t\t\t<span class=\"elementor-button-text\">Votre contact<\/span>\n\t\t\t\t\t<\/span>\n\t\t\t\t\t<\/a>\n\t\t\t\t<\/div>\n\t\t\t\t\t\t\t\t<\/div>\n\t\t\t\t<\/div>\n\t\t\t\t\t<\/div>\n\t\t<\/div>\n\t\t\t\t\t<\/div>\n\t\t<\/section>\n\t\t\t\t<section class=\"elementor-section elementor-top-section elementor-element elementor-element-47b444e0 elementor-section-boxed elementor-section-height-default elementor-section-height-default\" data-id=\"47b444e0\" data-element_type=\"section\">\n\t\t\t\t\t\t<div class=\"elementor-container elementor-column-gap-default\">\n\t\t\t\t\t<div class=\"elementor-column elementor-col-50 elementor-top-column elementor-element elementor-element-6ac34b8a\" data-id=\"6ac34b8a\" data-element_type=\"column\" data-settings=\"{&quot;background_background&quot;:&quot;classic&quot;}\">\n\t\t\t<div class=\"elementor-widget-wrap elementor-element-populated\">\n\t\t\t\t\t\t<div class=\"elementor-element elementor-element-e6f5d8b elementor-widget elementor-widget-heading\" data-id=\"e6f5d8b\" data-element_type=\"widget\" data-widget_type=\"heading.default\">\n\t\t\t\t<div class=\"elementor-widget-container\">\n\t\t\t\t\t<h2 class=\"elementor-heading-title elementor-size-default\">Vos avantages<\/h2>\t\t\t\t<\/div>\n\t\t\t\t<\/div>\n\t\t\t\t<div class=\"elementor-element elementor-element-47c931cb elementor-widget elementor-widget-text-editor\" data-id=\"47c931cb\" data-element_type=\"widget\" data-widget_type=\"text-editor.default\">\n\t\t\t\t<div class=\"elementor-widget-container\">\n\t\t\t\t\t\t\t\t\t<ol>\n<li><strong>Un r\u00e9seau optimal<\/strong> : entrez facilement en contact avec des professionnels int\u00e9ressants. Qu&rsquo;il s&rsquo;agisse de visiteurs, de personnel de stand, d&rsquo;entreprises ou de speakers. La mise en r\u00e9seau est possible \u00e0 tout moment gr\u00e2ce \u00e0 l&rsquo;appli.<\/li>\n<li><strong>Planification efficace des rendez-vous :<\/strong> l&rsquo;app vous aide \u00e0 communiquer et \u00e0 planifier vos rendez-vous.<\/li>\n<li><strong>Restez organis\u00e9 pour ne rien manquer :<\/strong> Gardez une vue d&rsquo;ensemble de votre emploi du temps, de vos rendez-vous et des conf\u00e9rences qui vous int\u00e9ressent.<\/li>\n<li><strong>Toujours \u00e0 jour :<\/strong> vous recevez des mises \u00e0 jour d&rsquo;\u00e9v\u00e9nements et des notifications en temps r\u00e9el.<\/li>\n<li><strong>Une exp\u00e9rience personnalis\u00e9e<\/strong> : utilisez les propositions sur mesure pour adapter votre participation au salon \u00e0 vos objectifs individuels.<\/li>\n<\/ol>\n\t\t\t\t\t\t\t\t<\/div>\n\t\t\t\t<\/div>\n\t\t\t\t\t<\/div>\n\t\t<\/div>\n\t\t\t\t<div class=\"elementor-column elementor-col-50 elementor-top-column elementor-element elementor-element-cb00915\" data-id=\"cb00915\" data-element_type=\"column\" data-settings=\"{&quot;background_background&quot;:&quot;classic&quot;}\">\n\t\t\t<div class=\"elementor-widget-wrap elementor-element-populated\">\n\t\t\t\t\t\t<div class=\"elementor-element elementor-element-48275e3f elementor-widget elementor-widget-image\" data-id=\"48275e3f\" data-element_type=\"widget\" data-widget_type=\"image.default\">\n\t\t\t\t<div class=\"elementor-widget-container\">\n\t\t\t\t\t\t\t\t\t\t\t\t\t\t\t<img fetchpriority=\"high\" decoding=\"async\" width=\"169\" height=\"300\" src=\"https:\/\/easyfairsassets.com\/sites\/92\/2024\/08\/Gray-Minimalist-Notification-Spa-Your-Story--169x300.jpg\" class=\"attachment-medium size-medium wp-image-81760\" alt=\"\" srcset=\"https:\/\/easyfairsassets.com\/sites\/92\/2024\/08\/Gray-Minimalist-Notification-Spa-Your-Story--169x300.jpg 169w, https:\/\/easyfairsassets.com\/sites\/92\/2024\/08\/Gray-Minimalist-Notification-Spa-Your-Story--576x1024.jpg 576w, https:\/\/easyfairsassets.com\/sites\/92\/2024\/08\/Gray-Minimalist-Notification-Spa-Your-Story--768x1365.jpg 768w, https:\/\/easyfairsassets.com\/sites\/92\/2024\/08\/Gray-Minimalist-Notification-Spa-Your-Story--864x1536.jpg 864w, https:\/\/easyfairsassets.com\/sites\/92\/2024\/08\/Gray-Minimalist-Notification-Spa-Your-Story-.jpg 1080w\" sizes=\"(max-width: 169px) 100vw, 169px\" \/>\t\t\t\t\t\t\t\t\t\t\t\t\t\t\t<\/div>\n\t\t\t\t<\/div>\n\t\t\t\t\t<\/div>\n\t\t<\/div>\n\t\t\t\t\t<\/div>\n\t\t<\/section>\n\t\t\t\t<section class=\"elementor-section elementor-top-section elementor-element elementor-element-5b62b501 elementor-section-boxed elementor-section-height-default elementor-section-height-default\" data-id=\"5b62b501\" data-element_type=\"section\">\n\t\t\t\t\t\t<div class=\"elementor-container elementor-column-gap-default\">\n\t\t\t\t\t<div class=\"elementor-column elementor-col-100 elementor-top-column elementor-element elementor-element-7a58180d\" data-id=\"7a58180d\" data-element_type=\"column\" data-settings=\"{&quot;background_background&quot;:&quot;classic&quot;}\">\n\t\t\t<div class=\"elementor-widget-wrap elementor-element-populated\">\n\t\t\t\t\t\t<div class=\"elementor-element elementor-element-3f645bfb elementor-widget elementor-widget-heading\" data-id=\"3f645bfb\" data-element_type=\"widget\" data-widget_type=\"heading.default\">\n\t\t\t\t<div class=\"elementor-widget-container\">\n\t\t\t\t\t<h2 class=\"elementor-heading-title elementor-size-default\">Comment utiliser au mieux l'application<\/h2>\t\t\t\t<\/div>\n\t\t\t\t<\/div>\n\t\t\t\t<div class=\"elementor-element elementor-element-5058cb82 elementor-widget elementor-widget-text-editor\" data-id=\"5058cb82\" data-element_type=\"widget\" data-widget_type=\"text-editor.default\">\n\t\t\t\t<div class=\"elementor-widget-container\">\n\t\t\t\t\t\t\t\t\t<ol>\n<li><strong>Inscrivez vos collaborateurs<\/strong> : apr\u00e8s l&rsquo;inscription, ils recevront un e-mail pour cr\u00e9er leur compte dans l&rsquo;application.<\/li>\n<li><strong>Configurez votre profil<\/strong> : Donnez des informations sur vos int\u00e9r\u00eats et votre entreprise.<\/li>\n<li><strong>T\u00e9l\u00e9chargez l&rsquo;application<\/strong> : D\u00e8s que l&rsquo;application est disponible, vous recevez un e-mail avec des liens pour Android et iOS. Suivez le <strong><a href=\"https:\/\/8tpa5.app.link\/aaaMaintain\" data-mce-href=\"https:\/\/8tpa5.app.link\/aaaMaintain\">ce lien<\/a><\/strong>&nbsp;ou scannez le code QR indiqu\u00e9 dans l&rsquo;e-mail pour installer l&rsquo;application.<\/li>\n<\/ol>\n\t\t\t\t\t\t\t\t<\/div>\n\t\t\t\t<\/div>\n\t\t\t\t\t<\/div>\n\t\t<\/div>\n\t\t\t\t\t<\/div>\n\t\t<\/section>\n\t\t\t\t<section class=\"elementor-section elementor-top-section elementor-element elementor-element-ed34347 elementor-section-boxed elementor-section-height-default elementor-section-height-default\" data-id=\"ed34347\" data-element_type=\"section\">\n\t\t\t\t\t\t<div class=\"elementor-container elementor-column-gap-default\">\n\t\t\t\t\t<div class=\"elementor-column elementor-col-100 elementor-top-column elementor-element elementor-element-390c955\" data-id=\"390c955\" data-element_type=\"column\" data-settings=\"{&quot;background_background&quot;:&quot;classic&quot;}\">\n\t\t\t<div class=\"elementor-widget-wrap elementor-element-populated\">\n\t\t\t\t\t\t<div class=\"elementor-element elementor-element-d1625c0 elementor-widget elementor-widget-heading\" data-id=\"d1625c0\" data-element_type=\"widget\" data-widget_type=\"heading.default\">\n\t\t\t\t<div class=\"elementor-widget-container\">\n\t\t\t\t\t<h2 class=\"elementor-heading-title elementor-size-default\">Liens utiles<\/h2>\t\t\t\t<\/div>\n\t\t\t\t<\/div>\n\t\t\t\t<div class=\"elementor-element elementor-element-eb3ada0 elementor-widget elementor-widget-text-editor\" data-id=\"eb3ada0\" data-element_type=\"widget\" data-widget_type=\"text-editor.default\">\n\t\t\t\t<div class=\"elementor-widget-container\">\n\t\t\t\t\t\t\t\t\t<ol>\n<li><a href=\"https:\/\/easyfairsassets.com\/sites\/92\/2024\/08\/FAQ-App_Aussteller.pdf\" data-mce-href=\"https:\/\/easyfairsassets.com\/sites\/92\/2024\/08\/FAQ-App_Aussteller.pdf\"><b>FAQ<\/b><\/a><\/li>\n<li><a href=\"https:\/\/matchmaking.grip.events\/aaamaintain\" data-mce-href=\"https:\/\/matchmaking.grip.events\/aaamaintain\"><b>App-Dashboard<\/b><\/a><\/li>\n<li><a href=\"https:\/\/easyfairsassets.com\/sites\/92\/2024\/08\/App-Teams-Guide_Aussteller.pdf\" data-mce-href=\"https:\/\/easyfairsassets.com\/sites\/92\/2024\/08\/App-Teams-Guide_Aussteller.pdf\"><b>Team-Guide<\/b><\/a><\/li>\n<\/ol>\n\t\t\t\t\t\t\t\t<\/div>\n\t\t\t\t<\/div>\n\t\t\t\t\t<\/div>\n\t\t<\/div>\n\t\t\t\t\t<\/div>\n\t\t<\/section>\n\t\t\t\t<section class=\"elementor-section elementor-top-section elementor-element elementor-element-39ff5bdb elementor-section-height-min-height elementor-section-boxed elementor-section-height-default elementor-section-items-middle\" data-id=\"39ff5bdb\" data-element_type=\"section\" data-settings=\"{&quot;background_background&quot;:&quot;classic&quot;,&quot;shape_divider_bottom&quot;:&quot;opacity-tilt&quot;}\">\n\t\t\t\t\t<div class=\"elementor-shape elementor-shape-bottom\" aria-hidden=\"true\" data-negative=\"false\">\n\t\t\t<svg xmlns=\"http:\/\/www.w3.org\/2000\/svg\" viewBox=\"0 0 2600 131.1\" preserveAspectRatio=\"none\">\n\t<path class=\"elementor-shape-fill\" d=\"M0 0L2600 0 2600 69.1 0 0z\"\/>\n\t<path class=\"elementor-shape-fill\" style=\"opacity:0.5\" d=\"M0 0L2600 0 2600 69.1 0 69.1z\"\/>\n\t<path class=\"elementor-shape-fill\" style=\"opacity:0.25\" d=\"M2600 0L0 0 0 130.1 2600 69.1z\"\/>\n<\/svg>\t\t<\/div>\n\t\t\t\t\t<div class=\"elementor-container elementor-column-gap-default\">\n\t\t\t\t\t<div class=\"elementor-column elementor-col-100 elementor-top-column elementor-element elementor-element-515e7dfa\" data-id=\"515e7dfa\" data-element_type=\"column\">\n\t\t\t<div class=\"elementor-widget-wrap\">\n\t\t\t\t\t\t\t<\/div>\n\t\t<\/div>\n\t\t\t\t\t<\/div>\n\t\t<\/section>\n\t\t\t\t<\/div>\n\t\t","protected":false},"excerpt":{"rendered":"<p>L&rsquo;application pour le salon : Plus de performance avec l&rsquo;app du salon Nous sommes heureux de vous pr\u00e9senter notre nouvelle application pour les salons et ses nombreuses fonctionnalit\u00e9s. Elle vous aidera \u00e0 augmenter votre visibilit\u00e9 avant, pendant et apr\u00e8s le salon ! Plus qu&rsquo;un simple outil de planification de rendez-vous, cette application vous permet d&rsquo;entrer [&hellip;]<\/p>\n","protected":false},"author":25,"featured_media":0,"parent":0,"menu_order":0,"comment_status":"closed","ping_status":"closed","template":"","meta":{"_seopress_robots_primary_cat":"","_seopress_titles_title":"","_seopress_titles_desc":"","_seopress_robots_index":"","footnotes":""},"class_list":["post-82111","page","type-page","status-publish","hentry"],"_links":{"self":[{"href":"https:\/\/www.maintenance-schweiz.ch\/fr\/wp-json\/wp\/v2\/pages\/82111","targetHints":{"allow":["GET"]}}],"collection":[{"href":"https:\/\/www.maintenance-schweiz.ch\/fr\/wp-json\/wp\/v2\/pages"}],"about":[{"href":"https:\/\/www.maintenance-schweiz.ch\/fr\/wp-json\/wp\/v2\/types\/page"}],"author":[{"embeddable":true,"href":"https:\/\/www.maintenance-schweiz.ch\/fr\/wp-json\/wp\/v2\/users\/25"}],"replies":[{"embeddable":true,"href":"https:\/\/www.maintenance-schweiz.ch\/fr\/wp-json\/wp\/v2\/comments?post=82111"}],"version-history":[{"count":5,"href":"https:\/\/www.maintenance-schweiz.ch\/fr\/wp-json\/wp\/v2\/pages\/82111\/revisions"}],"predecessor-version":[{"id":83540,"href":"https:\/\/www.maintenance-schweiz.ch\/fr\/wp-json\/wp\/v2\/pages\/82111\/revisions\/83540"}],"wp:attachment":[{"href":"https:\/\/www.maintenance-schweiz.ch\/fr\/wp-json\/wp\/v2\/media?parent=82111"}],"curies":[{"name":"wp","href":"https:\/\/api.w.org\/{rel}","templated":true}]}}