{"id":38738,"date":"2024-03-01T11:49:35","date_gmt":"2024-03-01T10:49:35","guid":{"rendered":"https:\/\/www.maintenance-schweiz.ch\/touch-collect-pour-les-visiteurs\/"},"modified":"2024-08-08T12:39:43","modified_gmt":"2024-08-08T10:39:43","slug":"touch-collect-pour-les-visiteurs","status":"publish","type":"page","link":"https:\/\/www.maintenance-schweiz.ch\/fr\/touch-collect-pour-les-visiteurs\/","title":{"rendered":"Touch &#038; Collect pour les visiteurs"},"content":{"rendered":"\t\t<div data-elementor-type=\"wp-post\" data-elementor-id=\"38738\" class=\"elementor elementor-38738 elementor-1782\" data-elementor-post-type=\"page\">\n\t\t\t\t\t\t<section class=\"elementor-section elementor-top-section elementor-element elementor-element-487014da elementor-section-content-middle elementor-section-full_width elementor-section-height-default elementor-section-height-default\" data-id=\"487014da\" data-element_type=\"section\">\n\t\t\t\t\t\t<div class=\"elementor-container elementor-column-gap-no\">\n\t\t\t\t\t<div class=\"elementor-column elementor-col-50 elementor-top-column elementor-element elementor-element-76f29ef1\" data-id=\"76f29ef1\" data-element_type=\"column\" data-settings=\"{&quot;background_background&quot;:&quot;classic&quot;}\">\n\t\t\t<div class=\"elementor-widget-wrap elementor-element-populated\">\n\t\t\t\t\t\t<div class=\"elementor-element elementor-element-4f45a226 elementor-widget elementor-widget-spacer\" data-id=\"4f45a226\" data-element_type=\"widget\" data-widget_type=\"spacer.default\">\n\t\t\t\t<div class=\"elementor-widget-container\">\n\t\t\t\t\t\t\t<div class=\"elementor-spacer\">\n\t\t\t<div class=\"elementor-spacer-inner\"><\/div>\n\t\t<\/div>\n\t\t\t\t\t\t<\/div>\n\t\t\t\t<\/div>\n\t\t\t\t\t<\/div>\n\t\t<\/div>\n\t\t\t\t<div class=\"elementor-column elementor-col-50 elementor-top-column elementor-element elementor-element-698d0f9a\" data-id=\"698d0f9a\" data-element_type=\"column\" data-settings=\"{&quot;background_background&quot;:&quot;classic&quot;}\">\n\t\t\t<div class=\"elementor-widget-wrap elementor-element-populated\">\n\t\t\t\t\t\t<div class=\"elementor-element elementor-element-158cdb74 elementor-widget elementor-widget-heading\" data-id=\"158cdb74\" data-element_type=\"widget\" data-widget_type=\"heading.default\">\n\t\t\t\t<div class=\"elementor-widget-container\">\n\t\t\t\t\t<h5 class=\"elementor-heading-title elementor-size-default\">Badge intelligent<\/h5>\t\t\t\t<\/div>\n\t\t\t\t<\/div>\n\t\t\t\t<div class=\"elementor-element elementor-element-6f0bde70 elementor-widget elementor-widget-heading\" data-id=\"6f0bde70\" data-element_type=\"widget\" data-widget_type=\"heading.default\">\n\t\t\t\t<div class=\"elementor-widget-container\">\n\t\t\t\t\t<h2 class=\"elementor-heading-title elementor-size-default\">Qu'est-ce que la technologie des badges intelligents ?<\/h2>\t\t\t\t<\/div>\n\t\t\t\t<\/div>\n\t\t\t\t<div class=\"elementor-element elementor-element-fe319c1 elementor-widget elementor-widget-text-editor\" data-id=\"fe319c1\" data-element_type=\"widget\" data-widget_type=\"text-editor.default\">\n\t\t\t\t<div class=\"elementor-widget-container\">\n\t\t\t\t\t\t\t\t\t<p>En r\u00e9sum\u00e9, un badge intelligent est un badge visiteur intelligent. Il permet aux visiteurs et aux exposants d&rsquo;\u00e9changer num\u00e9riquement des donn\u00e9es de contact et des informations.<\/p>\n\t\t\t\t\t\t\t\t<\/div>\n\t\t\t\t<\/div>\n\t\t\t\t<div class=\"elementor-element elementor-element-bffbe9c elementor-widget elementor-widget-button\" data-id=\"bffbe9c\" data-element_type=\"widget\" data-widget_type=\"button.default\">\n\t\t\t\t<div class=\"elementor-widget-container\">\n\t\t\t\t\t\t\t\t\t<div class=\"elementor-button-wrapper\">\n\t\t\t\t\t<a class=\"elementor-button elementor-button-link elementor-size-sm\" href=\"#content\">\n\t\t\t\t\t\t<span class=\"elementor-button-content-wrapper\">\n\t\t\t\t\t\t<span class=\"elementor-button-icon\">\n\t\t\t\t<i aria-hidden=\"true\" class=\"fas fa-arrow-right\"><\/i>\t\t\t<\/span>\n\t\t\t\t\t\t\t\t\t<span class=\"elementor-button-text\">lire plus<\/span>\n\t\t\t\t\t<\/span>\n\t\t\t\t\t<\/a>\n\t\t\t\t<\/div>\n\t\t\t\t\t\t\t\t<\/div>\n\t\t\t\t<\/div>\n\t\t\t\t\t<\/div>\n\t\t<\/div>\n\t\t\t\t\t<\/div>\n\t\t<\/section>\n\t\t\t\t<section class=\"elementor-section elementor-top-section elementor-element elementor-element-3627113a elementor-section-boxed elementor-section-height-default elementor-section-height-default\" data-id=\"3627113a\" data-element_type=\"section\">\n\t\t\t\t\t\t<div class=\"elementor-container elementor-column-gap-no\">\n\t\t\t\t\t<div class=\"elementor-column elementor-col-100 elementor-top-column elementor-element elementor-element-397c8a2d\" data-id=\"397c8a2d\" data-element_type=\"column\">\n\t\t\t<div class=\"elementor-widget-wrap elementor-element-populated\">\n\t\t\t\t\t\t<section class=\"elementor-section elementor-inner-section elementor-element elementor-element-c7a4265 elementor-section-boxed elementor-section-height-default elementor-section-height-default\" data-id=\"c7a4265\" data-element_type=\"section\">\n\t\t\t\t\t\t<div class=\"elementor-container elementor-column-gap-default\">\n\t\t\t\t\t<div class=\"elementor-column elementor-col-100 elementor-inner-column elementor-element elementor-element-17ecc52\" data-id=\"17ecc52\" data-element_type=\"column\">\n\t\t\t<div class=\"elementor-widget-wrap elementor-element-populated\">\n\t\t\t\t\t\t<div class=\"elementor-element elementor-element-07314c9 elementor-widget elementor-widget-video\" data-id=\"07314c9\" data-element_type=\"widget\" data-settings=\"{&quot;youtube_url&quot;:&quot;https:\\\/\\\/www.youtube.com\\\/watch?v=UHAlwKCBV-Q&quot;,&quot;video_type&quot;:&quot;youtube&quot;,&quot;controls&quot;:&quot;yes&quot;}\" data-widget_type=\"video.default\">\n\t\t\t\t<div class=\"elementor-widget-container\">\n\t\t\t\t\t\t\t<div class=\"elementor-wrapper elementor-open-inline\">\n\t\t\t<div class=\"elementor-video\"><\/div>\t\t<\/div>\n\t\t\t\t\t\t<\/div>\n\t\t\t\t<\/div>\n\t\t\t\t\t<\/div>\n\t\t<\/div>\n\t\t\t\t\t<\/div>\n\t\t<\/section>\n\t\t\t\t<div class=\"elementor-element elementor-element-7ba741c elementor-widget elementor-widget-menu-anchor\" data-id=\"7ba741c\" data-element_type=\"widget\" data-widget_type=\"menu-anchor.default\">\n\t\t\t\t<div class=\"elementor-widget-container\">\n\t\t\t\t\t\t\t<div class=\"elementor-menu-anchor\" id=\"contenu\"><\/div>\n\t\t\t\t\t\t<\/div>\n\t\t\t\t<\/div>\n\t\t\t\t<div class=\"elementor-element elementor-element-74f9908e elementor-widget elementor-widget-text-editor\" data-id=\"74f9908e\" data-element_type=\"widget\" data-widget_type=\"text-editor.default\">\n\t\t\t\t<div class=\"elementor-widget-container\">\n\t\t\t\t\t\t\t\t\t<p><strong>Quelles sont les conditions pr\u00e9alables ?<\/strong><\/p>\n<p>D\u00e8s que vous touchez le lecteur d&rsquo;un exposant sur le stand avec votre badge intelligent, vous collectez des informations num\u00e9riques. \u00c0 la fin de votre journ\u00e9e de visite, vous recevez un e-mail d&rsquo;Easyfairs. Celui-ci contient votre r\u00e9sum\u00e9 du salon : une liste de tous les exposants dont vous avez touch\u00e9 le lecteur. Toutes les donn\u00e9es que ces exposants ont t\u00e9l\u00e9charg\u00e9es dans leur profil en ligne peuvent maintenant \u00eatre consult\u00e9es tr\u00e8s facilement gr\u00e2ce \u00e0 des liens individuels.<br \/>\nEn touchant le lecteur, vous indiquez en m\u00eame temps \u00e0 l&rsquo;exposant concern\u00e9 que vous vous int\u00e9ressez \u00e0 ses produits et qu&rsquo;il peut prendre contact avec vous. Il s&rsquo;agit donc d&rsquo;un \u00e9change num\u00e9rique de cartes de visite.<\/p>\n<p><strong>Vous \u00e9vitez des co\u00fbts et pr\u00e9servez les ressources<\/strong><\/p>\n<p>Dans le cadre de l&rsquo;enregistrement des visiteurs, indiquez simplement vos coordonn\u00e9es. Veillez en particulier \u00e0 saisir correctement votre adresse e-mail. C&rsquo;est la condition de base pour que nous puissions vous envoyer les informations d\u00e9taill\u00e9es sur \u00ab\u00a0vos\u00a0\u00bb exposants \u00e0 la fin de la journ\u00e9e du salon.<\/p>\n<p><strong>Quels sont vos avantages ?<\/strong><\/p>\n<ol>\n<li>Gr\u00e2ce \u00e0 votre badge intelligent, vous pouvez collecter facilement et num\u00e9riquement des informations de tous les exposants. Vous avez acc\u00e8s aux descriptions de produits, aux photos, aux vid\u00e9os et aux offres d&#8217;emploi. Plus besoin de collecter d&rsquo;innombrables prospectus et catalogues. Vous pouvez \u00e9galement partager toutes ces informations avec vos coll\u00e8gues par voie num\u00e9rique.<\/li>\n<li>Si un exposant ne se trouvait pas sur le stand ou \u00e9tait occup\u00e9 par un autre visiteur, vous deviez par le pass\u00e9 repasser devant. Gr\u00e2ce \u00e0 la technologie des badges intelligents, vous pouvez d\u00e9sormais tout de m\u00eame obtenir directement des informations de l&rsquo;exposant &#8211; tout simplement en touchant le lecteur.<\/li>\n<li>\u00c0 la fin de votre journ\u00e9e au salon, vous recevrez un e-mail d&rsquo;Easyfairs. Celui-ci contient une liste de tous les exposants chez lesquels vous avez touch\u00e9 le lecteur. Vous disposez ainsi automatiquement d&rsquo;un r\u00e9sum\u00e9 complet de votre journ\u00e9e au salon, avec toutes les informations d\u00e9taill\u00e9es sur chaque exposant.<\/li>\n<\/ol>\n<p><strong>Qu&rsquo;advient-il de vos donn\u00e9es ?<\/strong><\/p>\n<p>Easyfairs ne transmet pas les donn\u00e9es personnelles que vous avez fournies lors de votre inscription. Nous les utilisons uniquement pour vous informer de nos propres manifestations actuelles et \u00e9ventuellement futures.<br \/>\nCes donn\u00e9es sont transmises aux exposants uniquement si vous touchez le lecteur de l&rsquo;exposant avec votre badge visiteur ou si vous vous \u00eates inscrit via un code ou un lien d&rsquo;invitation d&rsquo;un exposant. Vous nous signalez ainsi, ainsi qu&rsquo;\u00e0 l&rsquo;exposant, que vous \u00eates int\u00e9ress\u00e9 par le fait que l&rsquo;exposant puisse recevoir vos donn\u00e9es pour vous contacter. Si vous ne le souhaitez pas, nous vous prions de ne pas toucher un lecteur avec votre badge ou d&rsquo;utiliser ult\u00e9rieurement l&rsquo;une des possibilit\u00e9s d&rsquo;opt-out.<br \/>\nEasyfairs prend la protection de vos donn\u00e9es personnelles tr\u00e8s au s\u00e9rieux. Pour plus de d\u00e9tails, veuillez jeter un coup d&rsquo;\u0153il sur nos<\/p>\n<p><a class=\"external-link-new-window\" title=\"Datenschutzrichtlinie\" href=\"http:\/\/www.easyfairs.com\/fileadmin\/Corporate_websites\/Artexis_Easyfairs_corporate\/Privacy_Statement\/170512_Privacy_policy_Artexis-Easyfairs_Germany_DE.pdf\" target=\"_blank\" rel=\"noopener\">Politique de Confidentialite <\/a>et notre <a class=\"external-link-new-window\" title=\"Datenschutzrichtlinie\" href=\"http:\/\/www.easyfairs.com\/fileadmin\/home\/General_Terms_and_Conditions\/GTC_easyFairs_Deutschland.pdf\" target=\"_blank\" rel=\"noopener\">Conditions generales de vente<\/a>.<strong><br \/>\n<\/strong><\/p>\n\t\t\t\t\t\t\t\t<\/div>\n\t\t\t\t<\/div>\n\t\t\t\t\t<\/div>\n\t\t<\/div>\n\t\t\t\t\t<\/div>\n\t\t<\/section>\n\t\t\t\t<section class=\"elementor-section elementor-top-section elementor-element elementor-element-53fb0bbf elementor-section-boxed elementor-section-height-default elementor-section-height-default\" data-id=\"53fb0bbf\" data-element_type=\"section\">\n\t\t\t\t\t\t<div class=\"elementor-container elementor-column-gap-no\">\n\t\t\t\t\t<div class=\"elementor-column elementor-col-100 elementor-top-column elementor-element elementor-element-5a27a8b1\" data-id=\"5a27a8b1\" data-element_type=\"column\">\n\t\t\t<div class=\"elementor-widget-wrap elementor-element-populated\">\n\t\t\t\t\t\t<div class=\"elementor-element elementor-element-608accc1 elementor-widget elementor-widget-text-editor\" data-id=\"608accc1\" data-element_type=\"widget\" data-widget_type=\"text-editor.default\">\n\t\t\t\t<div class=\"elementor-widget-container\">\n\t\t\t\t\t\t\t\t\t<p>\t\t<div data-elementor-type=\"section\" data-elementor-id=\"40205\" class=\"elementor elementor-40205 elementor-20884\" data-elementor-post-type=\"elementor_library\">\n\t\t\t\t\t<section class=\"elementor-section elementor-top-section elementor-element elementor-element-4ac9fba9 elementor-section-content-middle elementor-section-boxed elementor-section-height-default elementor-section-height-default\" data-id=\"4ac9fba9\" data-element_type=\"section\">\n\t\t\t\t\t\t<div class=\"elementor-container elementor-column-gap-default\">\n\t\t\t\t\t<div class=\"elementor-column elementor-col-50 elementor-top-column elementor-element elementor-element-ff013fe\" data-id=\"ff013fe\" data-element_type=\"column\" data-settings=\"{&quot;background_background&quot;:&quot;classic&quot;}\">\n\t\t\t<div class=\"elementor-widget-wrap elementor-element-populated\">\n\t\t\t\t\t\t<div class=\"elementor-element elementor-element-e484c57 elementor-view-default elementor-widget elementor-widget-icon\" data-id=\"e484c57\" data-element_type=\"widget\" data-widget_type=\"icon.default\">\n\t\t\t\t<div class=\"elementor-widget-container\">\n\t\t\t\t\t\t\t<div class=\"elementor-icon-wrapper\">\n\t\t\t<div class=\"elementor-icon\">\n\t\t\t<i aria-hidden=\"true\" class=\"far fa-file-pdf\"><\/i>\t\t\t<\/div>\n\t\t<\/div>\n\t\t\t\t\t\t<\/div>\n\t\t\t\t<\/div>\n\t\t\t\t\t<\/div>\n\t\t<\/div>\n\t\t\t\t<div class=\"elementor-column elementor-col-50 elementor-top-column elementor-element elementor-element-538ba521\" data-id=\"538ba521\" data-element_type=\"column\" data-settings=\"{&quot;background_background&quot;:&quot;classic&quot;}\">\n\t\t\t<div class=\"elementor-widget-wrap elementor-element-populated\">\n\t\t\t\t\t\t<div class=\"elementor-element elementor-element-7dc967f elementor-widget elementor-widget-heading\" data-id=\"7dc967f\" data-element_type=\"widget\" data-widget_type=\"heading.default\">\n\t\t\t\t<div class=\"elementor-widget-container\">\n\t\t\t\t\t<span class=\"elementor-heading-title elementor-size-default\">Brochure du salon<\/span>\t\t\t\t<\/div>\n\t\t\t\t<\/div>\n\t\t\t\t<div class=\"elementor-element elementor-element-4ea30f8a elementor-widget elementor-widget-heading\" data-id=\"4ea30f8a\" data-element_type=\"widget\" data-widget_type=\"heading.default\">\n\t\t\t\t<div class=\"elementor-widget-container\">\n\t\t\t\t\t<h2 class=\"elementor-heading-title elementor-size-default\">Informez-vous sur les chiffres, les donn\u00e9es et les faits dans la brochure du salon !<\/h2>\t\t\t\t<\/div>\n\t\t\t\t<\/div>\n\t\t\t\t<div class=\"elementor-element elementor-element-1ebbc865 elementor-mobile-align-center elementor-widget elementor-widget-dynamic-button\" data-id=\"1ebbc865\" data-element_type=\"widget\" data-widget_type=\"dynamic-button.default\">\n\t\t\t\t<div class=\"elementor-widget-container\">\n\t\t\t\t\t        <div class=\"elementor-button-wrapper\">\n            <a href=\"https:\/\/easyfairsassets.com\/sites\/92\/2022\/10\/maint2025_Broschuere_.pdf\" target=\"_blank\" class=\"elementor-button-link elementor-button elementor-size-sm elementor-animation-pulse-grow\" role=\"button\">\n                        <span class=\"elementor-button-content-wrapper\">\n\t\t\t                <span class=\"elementor-button-icon elementor-align-icon-right\">\n\t\t\t\t<i aria-hidden=\"true\" class=\"fas fa-arrow-right\"><\/i>\t\t\t<\/span>\n            \t\t\t<span class=\"elementor-button-text\">Download (en allemand)<\/span>\n\t\t<\/span>\n                    <\/a>\n        <\/div>\n        \t\t\t\t<\/div>\n\t\t\t\t<\/div>\n\t\t\t\t\t<\/div>\n\t\t<\/div>\n\t\t\t\t\t<\/div>\n\t\t<\/section>\n\t\t\t\t<\/div>\n\t\t<\/p>\n\t\t\t\t\t\t\t\t<\/div>\n\t\t\t\t<\/div>\n\t\t\t\t\t<\/div>\n\t\t<\/div>\n\t\t\t\t\t<\/div>\n\t\t<\/section>\n\t\t\t\t<\/div>\n\t\t","protected":false},"excerpt":{"rendered":"<p>Badge intelligent Qu&rsquo;est-ce que la technologie des badges intelligents ? En r\u00e9sum\u00e9, un badge intelligent est un badge visiteur intelligent. Il permet aux visiteurs et aux exposants d&rsquo;\u00e9changer num\u00e9riquement des donn\u00e9es de contact et des informations. lire plus Quelles sont les conditions pr\u00e9alables ? D\u00e8s que vous touchez le lecteur d&rsquo;un exposant sur le stand [&hellip;]<\/p>\n","protected":false},"author":1,"featured_media":0,"parent":0,"menu_order":0,"comment_status":"closed","ping_status":"closed","template":"","meta":{"_seopress_robots_primary_cat":"","_seopress_titles_title":"","_seopress_titles_desc":"","_seopress_robots_index":"","footnotes":""},"class_list":["post-38738","page","type-page","status-publish","hentry"],"_links":{"self":[{"href":"https:\/\/www.maintenance-schweiz.ch\/fr\/wp-json\/wp\/v2\/pages\/38738","targetHints":{"allow":["GET"]}}],"collection":[{"href":"https:\/\/www.maintenance-schweiz.ch\/fr\/wp-json\/wp\/v2\/pages"}],"about":[{"href":"https:\/\/www.maintenance-schweiz.ch\/fr\/wp-json\/wp\/v2\/types\/page"}],"author":[{"embeddable":true,"href":"https:\/\/www.maintenance-schweiz.ch\/fr\/wp-json\/wp\/v2\/users\/1"}],"replies":[{"embeddable":true,"href":"https:\/\/www.maintenance-schweiz.ch\/fr\/wp-json\/wp\/v2\/comments?post=38738"}],"version-history":[{"count":2,"href":"https:\/\/www.maintenance-schweiz.ch\/fr\/wp-json\/wp\/v2\/pages\/38738\/revisions"}],"predecessor-version":[{"id":83526,"href":"https:\/\/www.maintenance-schweiz.ch\/fr\/wp-json\/wp\/v2\/pages\/38738\/revisions\/83526"}],"wp:attachment":[{"href":"https:\/\/www.maintenance-schweiz.ch\/fr\/wp-json\/wp\/v2\/media?parent=38738"}],"curies":[{"name":"wp","href":"https:\/\/api.w.org\/{rel}","templated":true}]}}