{"id":1782,"date":"2019-05-09T15:06:34","date_gmt":"2019-05-09T13:06:34","guid":{"rendered":"https:\/\/www.maintenance-schweiz.ch\/?page_id=1782"},"modified":"2024-03-12T10:27:49","modified_gmt":"2024-03-12T09:27:49","slug":"touch-collect-fuer-besucher","status":"publish","type":"page","link":"https:\/\/www.maintenance-schweiz.ch\/de\/touch-collect-fuer-besucher\/","title":{"rendered":"Touch &amp; Collect f\u00fcr Besucher"},"content":{"rendered":"\t\t<div data-elementor-type=\"wp-post\" data-elementor-id=\"1782\" class=\"elementor elementor-1782\" data-elementor-post-type=\"page\">\n\t\t\t\t\t\t<section class=\"elementor-section elementor-top-section elementor-element elementor-element-487014da elementor-section-content-middle elementor-section-full_width elementor-section-height-default elementor-section-height-default\" data-id=\"487014da\" data-element_type=\"section\">\n\t\t\t\t\t\t<div class=\"elementor-container elementor-column-gap-no\">\n\t\t\t\t\t<div class=\"elementor-column elementor-col-50 elementor-top-column elementor-element elementor-element-76f29ef1\" data-id=\"76f29ef1\" data-element_type=\"column\" data-settings=\"{&quot;background_background&quot;:&quot;classic&quot;}\">\n\t\t\t<div class=\"elementor-widget-wrap elementor-element-populated\">\n\t\t\t\t\t\t<div class=\"elementor-element elementor-element-4f45a226 elementor-widget elementor-widget-spacer\" data-id=\"4f45a226\" data-element_type=\"widget\" data-widget_type=\"spacer.default\">\n\t\t\t\t<div class=\"elementor-widget-container\">\n\t\t\t\t\t\t\t<div class=\"elementor-spacer\">\n\t\t\t<div class=\"elementor-spacer-inner\"><\/div>\n\t\t<\/div>\n\t\t\t\t\t\t<\/div>\n\t\t\t\t<\/div>\n\t\t\t\t\t<\/div>\n\t\t<\/div>\n\t\t\t\t<div class=\"elementor-column elementor-col-50 elementor-top-column elementor-element elementor-element-698d0f9a\" data-id=\"698d0f9a\" data-element_type=\"column\" data-settings=\"{&quot;background_background&quot;:&quot;classic&quot;}\">\n\t\t\t<div class=\"elementor-widget-wrap elementor-element-populated\">\n\t\t\t\t\t\t<div class=\"elementor-element elementor-element-158cdb74 elementor-widget elementor-widget-heading\" data-id=\"158cdb74\" data-element_type=\"widget\" data-widget_type=\"heading.default\">\n\t\t\t\t<div class=\"elementor-widget-container\">\n\t\t\t\t\t<h5 class=\"elementor-heading-title elementor-size-default\">Smart-Badge<\/h5>\t\t\t\t<\/div>\n\t\t\t\t<\/div>\n\t\t\t\t<div class=\"elementor-element elementor-element-6f0bde70 elementor-widget elementor-widget-heading\" data-id=\"6f0bde70\" data-element_type=\"widget\" data-widget_type=\"heading.default\">\n\t\t\t\t<div class=\"elementor-widget-container\">\n\t\t\t\t\t<h2 class=\"elementor-heading-title elementor-size-default\">Was ist die <u>Smart-Badge-Technologie?<\/u><\/h2>\t\t\t\t<\/div>\n\t\t\t\t<\/div>\n\t\t\t\t<div class=\"elementor-element elementor-element-fe319c1 elementor-widget elementor-widget-text-editor\" data-id=\"fe319c1\" data-element_type=\"widget\" data-widget_type=\"text-editor.default\">\n\t\t\t\t<div class=\"elementor-widget-container\">\n\t\t\t\t\t\t\t\t\t<p>Zusammengefasst: ein Smart-Badge ist ein intelligenter Besucherausweis. Es erm\u00f6glicht Besuchern und Ausstellern Kontaktdaten und Informationen digital auszutauschen.<\/p>\t\t\t\t\t\t\t\t<\/div>\n\t\t\t\t<\/div>\n\t\t\t\t<div class=\"elementor-element elementor-element-bffbe9c elementor-widget elementor-widget-button\" data-id=\"bffbe9c\" data-element_type=\"widget\" data-widget_type=\"button.default\">\n\t\t\t\t<div class=\"elementor-widget-container\">\n\t\t\t\t\t\t\t\t\t<div class=\"elementor-button-wrapper\">\n\t\t\t\t\t<a class=\"elementor-button elementor-button-link elementor-size-sm\" href=\"#content\">\n\t\t\t\t\t\t<span class=\"elementor-button-content-wrapper\">\n\t\t\t\t\t\t<span class=\"elementor-button-icon\">\n\t\t\t\t<i aria-hidden=\"true\" class=\"fas fa-arrow-right\"><\/i>\t\t\t<\/span>\n\t\t\t\t\t\t\t\t\t<span class=\"elementor-button-text\">mehr lesen<\/span>\n\t\t\t\t\t<\/span>\n\t\t\t\t\t<\/a>\n\t\t\t\t<\/div>\n\t\t\t\t\t\t\t\t<\/div>\n\t\t\t\t<\/div>\n\t\t\t\t\t<\/div>\n\t\t<\/div>\n\t\t\t\t\t<\/div>\n\t\t<\/section>\n\t\t\t\t<section class=\"elementor-section elementor-top-section elementor-element elementor-element-3627113a elementor-section-boxed elementor-section-height-default elementor-section-height-default\" data-id=\"3627113a\" data-element_type=\"section\">\n\t\t\t\t\t\t<div class=\"elementor-container elementor-column-gap-no\">\n\t\t\t\t\t<div class=\"elementor-column elementor-col-100 elementor-top-column elementor-element elementor-element-397c8a2d\" data-id=\"397c8a2d\" data-element_type=\"column\">\n\t\t\t<div class=\"elementor-widget-wrap elementor-element-populated\">\n\t\t\t\t\t\t<section class=\"elementor-section elementor-inner-section elementor-element elementor-element-c7a4265 elementor-section-boxed elementor-section-height-default elementor-section-height-default\" data-id=\"c7a4265\" data-element_type=\"section\">\n\t\t\t\t\t\t<div class=\"elementor-container elementor-column-gap-default\">\n\t\t\t\t\t<div class=\"elementor-column elementor-col-100 elementor-inner-column elementor-element elementor-element-17ecc52\" data-id=\"17ecc52\" data-element_type=\"column\">\n\t\t\t<div class=\"elementor-widget-wrap elementor-element-populated\">\n\t\t\t\t\t\t<div class=\"elementor-element elementor-element-07314c9 elementor-widget elementor-widget-video\" data-id=\"07314c9\" data-element_type=\"widget\" data-settings=\"{&quot;youtube_url&quot;:&quot;https:\\\/\\\/www.youtube.com\\\/watch?v=UHAlwKCBV-Q&quot;,&quot;video_type&quot;:&quot;youtube&quot;,&quot;controls&quot;:&quot;yes&quot;}\" data-widget_type=\"video.default\">\n\t\t\t\t<div class=\"elementor-widget-container\">\n\t\t\t\t\t\t\t<div class=\"elementor-wrapper elementor-open-inline\">\n\t\t\t<div class=\"elementor-video\"><\/div>\t\t<\/div>\n\t\t\t\t\t\t<\/div>\n\t\t\t\t<\/div>\n\t\t\t\t\t<\/div>\n\t\t<\/div>\n\t\t\t\t\t<\/div>\n\t\t<\/section>\n\t\t\t\t<div class=\"elementor-element elementor-element-7ba741c elementor-widget elementor-widget-menu-anchor\" data-id=\"7ba741c\" data-element_type=\"widget\" data-widget_type=\"menu-anchor.default\">\n\t\t\t\t<div class=\"elementor-widget-container\">\n\t\t\t\t\t\t\t<div class=\"elementor-menu-anchor\" id=\"content\"><\/div>\n\t\t\t\t\t\t<\/div>\n\t\t\t\t<\/div>\n\t\t\t\t<div class=\"elementor-element elementor-element-74f9908e elementor-widget elementor-widget-text-editor\" data-id=\"74f9908e\" data-element_type=\"widget\" data-widget_type=\"text-editor.default\">\n\t\t\t\t<div class=\"elementor-widget-container\">\n\t\t\t\t\t\t\t\t\t<p><strong>Was sind die Voraussetzungen?<\/strong><\/p><p>Sobald Sie das Leseger\u00e4t eines Ausstellers am Messestand mit Ihrem Smart-Badge ber\u00fchren, sammeln Sie digital Informationen ein. Am Ende Ihres Besuchstages erhalten Sie eine E-Mail von Easyfairs. Diese enth\u00e4lt Ihre Messezusammenfassung: eine Liste aller Aussteller, deren Leseger\u00e4t Sie ber\u00fchrt haben. S\u00e4mtliche Daten, die diese Aussteller in ihrem Online-Profil hochgeladen haben, k\u00f6nnen Sie nun anhand individueller Links ganz einfach abrufen.<br \/>Durch die Ber\u00fchrung des Leseger\u00e4tes teilen Sie dem betreffenden Aussteller gleichzeitig mit, dass Sie sich f\u00fcr seine Produkte interessieren und dass er mit Ihnen in Kontakt treten darf. Es findet also ein digitaler Austausch von Visitenkarten statt.<\/p><p><strong>Sie vermeiden Kosten und schonen Ressourcen<\/strong><\/p><p>Geben Sie im Rahmen der Besucherregistrierung einfach Ihre Kontaktdaten an. Achten Sie dabei insbesondere auf die korrekte Eingabe Ihrer E-Mail-Adresse. Diese ist Grundvoraussetzung daf\u00fcr, dass wir Ihnen am Ende des Messetages die Detailinformationen zu \u201eIhren\u201c Ausstellern zusenden k\u00f6nnen.<\/p><p><strong> Was sind Ihre Vorteile?<\/strong><\/p><ol><li>Mit Hilfe Ihres Smart-Badges k\u00f6nnen Sie ganz einfach und digital Informationen von allen Ausstellern einsammeln. Sie erhalten Zugriff auf Produktbeschreibungen, Bilder, Videos oder auch Stellenangebote. Das Einsammeln zahlloser Prospekte und Kataloge entf\u00e4llt. S\u00e4mtliche Informationen k\u00f6nnen Sie im Anschluss auch digital mit Kollegen teilen.<\/li><li>Sollte ein Aussteller nicht am Messestand oder mit einem anderen Besucher besch\u00e4ftigt sein, so mussten Sie in der Vergangenheit nochmals vorbeigehen. Dank der Smart-Badge-Technologie k\u00f6nnen Sie nun trotzdem direkt Informationen des Ausstellers einholen \u2013 ganz einfach durch die Ber\u00fchrung des Leseger\u00e4tes.<\/li><li>Am Ende Ihres Messetages erhalten Sie eine E-Mail von Easyfairs. Diese enth\u00e4lt eine Liste s\u00e4mtlicher Aussteller, bei denen Sie das Leseger\u00e4t ber\u00fchrt haben. Somit haben Sie automatisch eine vollst\u00e4ndige Zusammenfassung Ihres Messetages \u2013 inklusive s\u00e4mtlicher Detailinformationen zu jedem Aussteller.<\/li><\/ol><p><strong><br \/>Was geschieht mit Ihren Daten?<\/strong><\/p><p>Ihre pers\u00f6nlichen Daten, die Sie bei der Registrierung hinterlegen, werden von Easyfairs nicht weitergegeben. Wir nutzen diese lediglich, um Sie \u00fcber aktuelle und ggf. zuk\u00fcnftige eigene Veranstaltungen zu informieren.<br \/>Diese Daten werden ausschlie\u00dflich dann an Aussteller \u00fcbermittelt, wenn Sie das Leseger\u00e4t des Ausstellers mit Ihrem Besucherausweis ber\u00fchren oder sich \u00fcber einen Einladungs-Code bzw -Link eines Ausstellers angemeldet haben. Damit signalisieren Sie uns und dem Aussteller, dass Sie daran interessiert sind, dass der Aussteller Ihre Daten zur Kontaktaufnahme erhalten darf. Wenn Sie dies nicht w\u00fcnschen, dann bitten wir Sie darum, kein Leseger\u00e4t mit Ihrem Ausweis zu ber\u00fchren oder im Nachhinein eine der Opt-Out-M\u00f6glichkeiten zu nutzen.<br \/>Easyfairs nimmt den Schutz Ihrer pers\u00f6nlichen Daten sehr ernst. F\u00fcr weitere Details werfen Sie bitte einen Blick auf unsere <a href=\"https:\/\/www.easyfairs.com\/privacy-policy\/\">Datenschutzrichtlinien<\/a> und unsere <a href=\"https:\/\/www.easyfairs.com\/general-terms-conditions\/#Vis-GTC\">Allgemeinen Gesch\u00e4ftsbedingungen.<\/a><\/p>\t\t\t\t\t\t\t\t<\/div>\n\t\t\t\t<\/div>\n\t\t\t\t\t<\/div>\n\t\t<\/div>\n\t\t\t\t\t<\/div>\n\t\t<\/section>\n\t\t\t\t<section class=\"elementor-section elementor-top-section elementor-element elementor-element-53fb0bbf elementor-section-boxed elementor-section-height-default elementor-section-height-default\" data-id=\"53fb0bbf\" data-element_type=\"section\">\n\t\t\t\t\t\t<div class=\"elementor-container elementor-column-gap-no\">\n\t\t\t\t\t<div class=\"elementor-column elementor-col-100 elementor-top-column elementor-element elementor-element-5a27a8b1\" data-id=\"5a27a8b1\" data-element_type=\"column\">\n\t\t\t<div class=\"elementor-widget-wrap elementor-element-populated\">\n\t\t\t\t\t\t<div class=\"elementor-element elementor-element-608accc1 elementor-widget elementor-widget-text-editor\" data-id=\"608accc1\" data-element_type=\"widget\" data-widget_type=\"text-editor.default\">\n\t\t\t\t<div class=\"elementor-widget-container\">\n\t\t\t\t\t\t\t\t\t<p>\t\t<div data-elementor-type=\"section\" data-elementor-id=\"20884\" class=\"elementor elementor-20884\" data-elementor-post-type=\"elementor_library\">\n\t\t\t\t\t<section class=\"elementor-section elementor-top-section elementor-element elementor-element-4ac9fba9 elementor-section-content-middle elementor-section-boxed elementor-section-height-default elementor-section-height-default\" data-id=\"4ac9fba9\" data-element_type=\"section\">\n\t\t\t\t\t\t<div class=\"elementor-container elementor-column-gap-default\">\n\t\t\t\t\t<div class=\"elementor-column elementor-col-50 elementor-top-column elementor-element elementor-element-ff013fe\" data-id=\"ff013fe\" data-element_type=\"column\" data-settings=\"{&quot;background_background&quot;:&quot;classic&quot;}\">\n\t\t\t<div class=\"elementor-widget-wrap elementor-element-populated\">\n\t\t\t\t\t\t<div class=\"elementor-element elementor-element-e484c57 elementor-view-default elementor-widget elementor-widget-icon\" data-id=\"e484c57\" data-element_type=\"widget\" data-widget_type=\"icon.default\">\n\t\t\t\t<div class=\"elementor-widget-container\">\n\t\t\t\t\t\t\t<div class=\"elementor-icon-wrapper\">\n\t\t\t<div class=\"elementor-icon\">\n\t\t\t<i aria-hidden=\"true\" class=\"far fa-file-pdf\"><\/i>\t\t\t<\/div>\n\t\t<\/div>\n\t\t\t\t\t\t<\/div>\n\t\t\t\t<\/div>\n\t\t\t\t\t<\/div>\n\t\t<\/div>\n\t\t\t\t<div class=\"elementor-column elementor-col-50 elementor-top-column elementor-element elementor-element-538ba521\" data-id=\"538ba521\" data-element_type=\"column\" data-settings=\"{&quot;background_background&quot;:&quot;classic&quot;}\">\n\t\t\t<div class=\"elementor-widget-wrap elementor-element-populated\">\n\t\t\t\t\t\t<div class=\"elementor-element elementor-element-7dc967f elementor-widget elementor-widget-heading\" data-id=\"7dc967f\" data-element_type=\"widget\" data-widget_type=\"heading.default\">\n\t\t\t\t<div class=\"elementor-widget-container\">\n\t\t\t\t\t<span class=\"elementor-heading-title elementor-size-default\">Messebrosch\u00fcre<\/span>\t\t\t\t<\/div>\n\t\t\t\t<\/div>\n\t\t\t\t<div class=\"elementor-element elementor-element-4ea30f8a elementor-widget elementor-widget-heading\" data-id=\"4ea30f8a\" data-element_type=\"widget\" data-widget_type=\"heading.default\">\n\t\t\t\t<div class=\"elementor-widget-container\">\n\t\t\t\t\t<h2 class=\"elementor-heading-title elementor-size-default\">Informieren Sie sich in der Messebrosch\u00fcre \u00fcber Zahlen, Daten und Fakten!<\/h2>\t\t\t\t<\/div>\n\t\t\t\t<\/div>\n\t\t\t\t<div class=\"elementor-element elementor-element-1ebbc865 elementor-mobile-align-center elementor-widget elementor-widget-dynamic-button\" data-id=\"1ebbc865\" data-element_type=\"widget\" data-widget_type=\"dynamic-button.default\">\n\t\t\t\t<div class=\"elementor-widget-container\">\n\t\t\t\t\t        <div class=\"elementor-button-wrapper\">\n            <a href=\"https:\/\/www.maintenance-schweiz.ch\/wp-content\/uploads\/sites\/92\/2022\/10\/maint2025_Broschuere_.pdf\" target=\"_blank\" class=\"elementor-button-link elementor-button elementor-size-sm elementor-animation-pulse-grow\" role=\"button\">\n                        <span class=\"elementor-button-content-wrapper\">\n\t\t\t                <span class=\"elementor-button-icon elementor-align-icon-right\">\n\t\t\t\t<i aria-hidden=\"true\" class=\"fas fa-arrow-right\"><\/i>\t\t\t<\/span>\n            \t\t\t<span class=\"elementor-button-text\">Download<\/span>\n\t\t<\/span>\n                    <\/a>\n        <\/div>\n        \t\t\t\t<\/div>\n\t\t\t\t<\/div>\n\t\t\t\t\t<\/div>\n\t\t<\/div>\n\t\t\t\t\t<\/div>\n\t\t<\/section>\n\t\t\t\t<\/div>\n\t\t<\/p>\t\t\t\t\t\t\t\t<\/div>\n\t\t\t\t<\/div>\n\t\t\t\t\t<\/div>\n\t\t<\/div>\n\t\t\t\t\t<\/div>\n\t\t<\/section>\n\t\t\t\t<\/div>\n\t\t","protected":false},"excerpt":{"rendered":"<p>Smart-Badge Was ist die Smart-Badge-Technologie? Zusammengefasst: ein Smart-Badge ist ein intelligenter Besucherausweis. Es erm\u00f6glicht Besuchern und Ausstellern Kontaktdaten und Informationen digital auszutauschen. mehr lesen Was sind die Voraussetzungen? Sobald Sie das Leseger\u00e4t eines Ausstellers am Messestand mit Ihrem Smart-Badge ber\u00fchren, sammeln Sie digital Informationen ein. Am Ende Ihres Besuchstages erhalten Sie eine E-Mail von Easyfairs. [&hellip;]<\/p>\n","protected":false},"author":1,"featured_media":0,"parent":0,"menu_order":0,"comment_status":"closed","ping_status":"closed","template":"","meta":{"_seopress_robots_primary_cat":"","_seopress_titles_title":"","_seopress_titles_desc":"","_seopress_robots_index":"","footnotes":""},"class_list":["post-1782","page","type-page","status-publish","hentry"],"_links":{"self":[{"href":"https:\/\/www.maintenance-schweiz.ch\/de\/wp-json\/wp\/v2\/pages\/1782","targetHints":{"allow":["GET"]}}],"collection":[{"href":"https:\/\/www.maintenance-schweiz.ch\/de\/wp-json\/wp\/v2\/pages"}],"about":[{"href":"https:\/\/www.maintenance-schweiz.ch\/de\/wp-json\/wp\/v2\/types\/page"}],"author":[{"embeddable":true,"href":"https:\/\/www.maintenance-schweiz.ch\/de\/wp-json\/wp\/v2\/users\/1"}],"replies":[{"embeddable":true,"href":"https:\/\/www.maintenance-schweiz.ch\/de\/wp-json\/wp\/v2\/comments?post=1782"}],"version-history":[{"count":5,"href":"https:\/\/www.maintenance-schweiz.ch\/de\/wp-json\/wp\/v2\/pages\/1782\/revisions"}],"predecessor-version":[{"id":39212,"href":"https:\/\/www.maintenance-schweiz.ch\/de\/wp-json\/wp\/v2\/pages\/1782\/revisions\/39212"}],"wp:attachment":[{"href":"https:\/\/www.maintenance-schweiz.ch\/de\/wp-json\/wp\/v2\/media?parent=1782"}],"curies":[{"name":"wp","href":"https:\/\/api.w.org\/{rel}","templated":true}]}}